{"id":33,"date":"2025-07-16T16:48:36","date_gmt":"2025-07-16T16:48:36","guid":{"rendered":"https:\/\/rankvel.ee\/avaleht\/"},"modified":"2025-07-28T21:20:22","modified_gmt":"2025-07-28T21:20:22","slug":"avaleht","status":"publish","type":"page","link":"https:\/\/rankvel.ee\/fi\/","title":{"rendered":"AVALEHT"},"content":{"rendered":"<div class=\"wp-block-group alignfull has-background-background-color has-background has-global-padding is-layout-constrained wp-container-core-group-is-layout-6fa30f3f wp-block-group-is-layout-constrained\" style=\"margin-top:0;margin-bottom:0;padding-top:0;padding-right:0;padding-bottom:0;padding-left:0\">\n<div class=\"wp-block-cover alignfull extendify-image-import\" style=\"padding-right:var(--wp--preset--spacing--40);padding-left:var(--wp--preset--spacing--40);min-height:60vh;aspect-ratio:unset;\"><img fetchpriority=\"high\" decoding=\"async\" width=\"500\" height=\"500\" class=\"wp-block-cover__image-background wp-image-57 size-full\" alt=\"\" src=\"https:\/\/rankvel.ee\/wp-content\/uploads\/2025\/07\/metall_rankvel_Utrepp24.jpg\" data-object-fit=\"cover\" srcset=\"https:\/\/rankvel.ee\/wp-content\/uploads\/2025\/07\/metall_rankvel_Utrepp24.jpg 500w, https:\/\/rankvel.ee\/wp-content\/uploads\/2025\/07\/metall_rankvel_Utrepp24-300x300.jpg 300w, https:\/\/rankvel.ee\/wp-content\/uploads\/2025\/07\/metall_rankvel_Utrepp24-150x150.jpg 150w\" sizes=\"(max-width: 500px) 100vw, 500px\" \/><span aria-hidden=\"true\" class=\"wp-block-cover__background has-black-background-color has-background-dim-60 has-background-dim\"><\/span><div class=\"wp-block-cover__inner-container is-layout-flow wp-block-cover-is-layout-flow\">\n<div class=\"wp-block-group has-global-padding is-layout-constrained wp-block-group-is-layout-constrained\" style=\"padding-top:var(--wp--preset--spacing--80);padding-bottom:var(--wp--preset--spacing--80)\">\n<h4 class=\"wp-block-heading has-text-align-center has-white-color has-text-color has-small-font-size\">PORTAAT &amp; KAITEET<\/h4>\n\n\n\n<h4 class=\"wp-block-heading alignwide has-text-align-center has-white-color has-text-color\" style=\"margin-top:12px\">TEID\u00c4N IDEANNE \u2013 MEID\u00c4N TOTEUTUKSEMME. KOTIIN, TOIMISTOON TAI M\u00d6KILLE \u2013 RANKVEL HOITAA HOMMAN.<\/h4>\n\n\n\n<div class=\"wp-block-buttons is-content-justification-center is-layout-flex wp-container-core-buttons-is-layout-6e21085f wp-block-buttons-is-layout-flex\" style=\"margin-top:var(--wp--preset--spacing--40)\">\n<div class=\"wp-block-button\"><a class=\"wp-block-button__link has-text-color has-background has-link-color wp-element-button\" href=\"https:\/\/rankvel.ee\/fi\/tooted\/\" style=\"color:#111111;background-color:#fcfcfc\">TEHDYT TY\u00d6T<\/a><\/div>\n<\/div>\n<\/div>\n<\/div><\/div>\n<\/div>\n\n\n\n<div class=\"wp-block-group alignwide has-global-padding is-layout-constrained wp-block-group-is-layout-constrained\">\n<div class=\"wp-block-group alignwide has-tertiary-background-color has-background has-global-padding is-layout-constrained wp-container-core-group-is-layout-7276a2bb wp-block-group-is-layout-constrained\" id=\"meist\" style=\"margin-top:0;margin-bottom:0;padding-top:var(--wp--preset--spacing--60);padding-right:var(--wp--preset--spacing--30);padding-bottom:var(--wp--preset--spacing--60);padding-left:var(--wp--preset--spacing--30)\">\n<div class=\"wp-block-columns alignwide is-layout-flex wp-container-core-columns-is-layout-47c06fe3 wp-block-columns-is-layout-flex\">\n<div class=\"wp-block-column is-layout-flow wp-block-column-is-layout-flow\" style=\"flex-basis:50%\">\n<figure class=\"wp-block-image size-full\"><img decoding=\"async\" width=\"500\" height=\"500\" src=\"https:\/\/rankvel.ee\/wp-content\/uploads\/2025\/07\/metall_rankvel_Utrepp7-edited.jpg\" alt=\"\" class=\"wp-image-72\" srcset=\"https:\/\/rankvel.ee\/wp-content\/uploads\/2025\/07\/metall_rankvel_Utrepp7-edited.jpg 500w, https:\/\/rankvel.ee\/wp-content\/uploads\/2025\/07\/metall_rankvel_Utrepp7-edited-300x300.jpg 300w, https:\/\/rankvel.ee\/wp-content\/uploads\/2025\/07\/metall_rankvel_Utrepp7-edited-150x150.jpg 150w\" sizes=\"(max-width: 500px) 100vw, 500px\" \/><\/figure>\n<\/div>\n\n\n\n<div class=\"wp-block-column is-layout-flow wp-container-core-column-is-layout-f5bb311e wp-block-column-is-layout-flow\" style=\"flex-basis:50%\">\n<p><strong>Rankvel O\u00dc<\/strong> on P\u00e4rnussa toimiva pienyritys, joka valmistaa ja asentaa kest\u00e4vi\u00e4 puu- ja metallirakenteita. Tuotevalikoimaamme kuuluvat portaat, kaiteet sek\u00e4 erilaiset erikoisty\u00f6t asiakkaan toiveiden mukaan.<\/p>\n\n\n\n<p>Olemme luotettava kumppani niin kotitalouksille kuin yrityksillekin, tarjoten laadukasta, henkil\u00f6kohtaista ja nopeaa palvelua. Jokainen projekti saa meilt\u00e4 t\u00e4yden huomion \u2013 oli kyseess\u00e4 sitten pieni ty\u00f6 tai laajempi kokonaisratkaisu.<\/p>\n\n\n\n<p><strong>Teemme t\u00f6it\u00e4 sek\u00e4 Virossa ett\u00e4 Suomessa \u2013 suunnittelusta ja mittauksista aina suunnitteluun ja asennukseen asti.<\/strong><\/p>\n<\/div>\n<\/div>\n<\/div>\n<\/div>","protected":false},"excerpt":{"rendered":"<p>Rankvel O\u00dc on P\u00e4rnus tegutsev v\u00e4ikeettev\u00f5te, mis valmistab ning paigaldab vastupidavaid puidust ning metallist konstruktsioone. Meie tootevalikusse kuuluvad trepid, piirded ning mitmesugused erit\u00f6\u00f6d vastavalt kliendi soovidele. Oleme usaldusv\u00e4\u00e4rne partner nii koduomanikele kui ka ettev\u00f5tetele, pakkudes kvaliteetset, personaalset ja kiiret teenust. Iga projekt saab meie t\u00e4ieliku t\u00e4helepanu \u2013 olgu selleks v\u00e4iksem t\u00f6\u00f6 v\u00f5i suuremahuline lahendus. Teostame [&hellip;]<\/p>","protected":false},"author":1,"featured_media":0,"parent":0,"menu_order":0,"comment_status":"closed","ping_status":"closed","template":"no-title","meta":{"footnotes":""},"class_list":["post-33","page","type-page","status-publish","hentry"],"aioseo_notices":[],"_links":{"self":[{"href":"https:\/\/rankvel.ee\/fi\/wp-json\/wp\/v2\/pages\/33","targetHints":{"allow":["GET"]}}],"collection":[{"href":"https:\/\/rankvel.ee\/fi\/wp-json\/wp\/v2\/pages"}],"about":[{"href":"https:\/\/rankvel.ee\/fi\/wp-json\/wp\/v2\/types\/page"}],"author":[{"embeddable":true,"href":"https:\/\/rankvel.ee\/fi\/wp-json\/wp\/v2\/users\/1"}],"replies":[{"embeddable":true,"href":"https:\/\/rankvel.ee\/fi\/wp-json\/wp\/v2\/comments?post=33"}],"version-history":[{"count":0,"href":"https:\/\/rankvel.ee\/fi\/wp-json\/wp\/v2\/pages\/33\/revisions"}],"wp:attachment":[{"href":"https:\/\/rankvel.ee\/fi\/wp-json\/wp\/v2\/media?parent=33"}],"curies":[{"name":"wp","href":"https:\/\/api.w.org\/{rel}","templated":true}]}}